{"id":7980,"date":"2019-08-08T16:29:35","date_gmt":"2019-08-08T16:29:35","guid":{"rendered":"https:\/\/thetour.pt\/about-us\/"},"modified":"2026-01-28T15:49:09","modified_gmt":"2026-01-28T15:49:09","slug":"about-us","status":"publish","type":"page","link":"https:\/\/thetour.pt\/en\/about-us\/","title":{"rendered":"About us"},"content":{"rendered":"\t\t<div data-elementor-type=\"wp-post\" data-elementor-id=\"7980\" class=\"elementor elementor-7980 elementor-7581\" data-elementor-post-type=\"page\">\n\t\t\t\t<div class=\"elementor-element elementor-element-c46bd40 e-flex e-con-boxed e-con e-parent\" data-id=\"c46bd40\" data-element_type=\"container\" data-e-type=\"container\">\n\t\t\t\t\t<div class=\"e-con-inner\">\n\t\t<div class=\"elementor-element elementor-element-5991233 e-con-full e-flex e-con e-child\" data-id=\"5991233\" data-element_type=\"container\" data-e-type=\"container\">\n\t\t<div class=\"elementor-element elementor-element-b92713c e-con-full e-flex e-con e-child\" data-id=\"b92713c\" data-element_type=\"container\" data-e-type=\"container\" data-settings=\"{&quot;background_background&quot;:&quot;classic&quot;}\">\n\t\t\t\t<div class=\"elementor-element elementor-element-82f2ce0 elementor-widget elementor-widget-image\" data-id=\"82f2ce0\" data-element_type=\"widget\" data-e-type=\"widget\" data-widget_type=\"image.default\">\n\t\t\t\t<div class=\"elementor-widget-container\">\n\t\t\t\t\t\t\t\t\t\t\t\t\t\t\t<img fetchpriority=\"high\" decoding=\"async\" width=\"377\" height=\"260\" src=\"https:\/\/thetour.pt\/wp-content\/uploads\/Travel-tours-logo.svg\" class=\"attachment-large size-large wp-image-17068\" alt=\"THE Travel &amp; Tours\" title=\"\">\t\t\t\t\t\t\t\t\t\t\t\t\t\t\t<\/div>\n\t\t\t\t<\/div>\n\t\t\t\t<div class=\"elementor-element elementor-element-edc2f15 elementor-widget elementor-widget-text-editor\" data-id=\"edc2f15\" data-element_type=\"widget\" data-e-type=\"widget\" data-widget_type=\"text-editor.default\">\n\t\t\t\t<div class=\"elementor-widget-container\">\n\t\t\t\t\t\t\t\t\t<strong>THE Travel &amp; Tours is a trademark of Portugal Sensation Trip Tours, activities &amp; transfers sole proprietorship lda, with licenses RNAAT 431\/2017\u00a0issued by Turismo de Portugal.<\/strong>\t\t\t\t\t\t\t\t<\/div>\n\t\t\t\t<\/div>\n\t\t\t\t<div class=\"elementor-element elementor-element-5e3275b elementor-widget-divider--view-line elementor-widget elementor-widget-divider\" data-id=\"5e3275b\" data-element_type=\"widget\" data-e-type=\"widget\" data-widget_type=\"divider.default\">\n\t\t\t\t<div class=\"elementor-widget-container\">\n\t\t\t\t\t\t\t<div class=\"elementor-divider\">\n\t\t\t<span class=\"elementor-divider-separator\">\n\t\t\t\t\t\t<\/span>\n\t\t<\/div>\n\t\t\t\t\t\t<\/div>\n\t\t\t\t<\/div>\n\t\t\t\t<\/div>\n\t\t<div class=\"elementor-element elementor-element-3c1f9ee e-con-full e-flex e-con e-child\" data-id=\"3c1f9ee\" data-element_type=\"container\" data-e-type=\"container\">\n\t\t\t\t<div class=\"elementor-element elementor-element-fd1761a elementor-widget elementor-widget-text-editor\" data-id=\"fd1761a\" data-element_type=\"widget\" data-e-type=\"widget\" data-widget_type=\"text-editor.default\">\n\t\t\t\t<div class=\"elementor-widget-container\">\n\t\t\t\t\t\t\t\t\t<strong>THE Travel &amp; Tours<\/strong> offers all its clients a unique and prestigious service, turning their tours into a pleasant sightseeing tour.\r\n\r\nAll services will be customized to each client. We have cars of high comfort, we provide you services such as: Transfer \/ Shutlle, Tour and Private Driver for small or large groups.\r\n\r\nWe guarantee experiences that fill the eyes, the soul and the heart. Our history, customs, curiosities, beautiful cuisine, from north to south of the country\u2026\r\n\r\nKnow the best we have to offer!\t\t\t\t\t\t\t\t<\/div>\n\t\t\t\t<\/div>\n\t\t\t\t<\/div>\n\t\t\t\t<\/div>\n\t\t<div class=\"elementor-element elementor-element-537b485 e-con-full e-flex e-con e-child\" data-id=\"537b485\" data-element_type=\"container\" data-e-type=\"container\">\n\t\t<div class=\"elementor-element elementor-element-a959e7e e-con-full e-flex e-con e-child\" data-id=\"a959e7e\" data-element_type=\"container\" data-e-type=\"container\" data-settings=\"{&quot;background_background&quot;:&quot;classic&quot;}\">\n\t\t\t\t<div class=\"elementor-element elementor-element-86f4c1c elementor-widget elementor-widget-spacer\" data-id=\"86f4c1c\" data-element_type=\"widget\" data-e-type=\"widget\" data-widget_type=\"spacer.default\">\n\t\t\t\t<div class=\"elementor-widget-container\">\n\t\t\t\t\t\t\t<div class=\"elementor-spacer\">\n\t\t\t<div class=\"elementor-spacer-inner\"><\/div>\n\t\t<\/div>\n\t\t\t\t\t\t<\/div>\n\t\t\t\t<\/div>\n\t\t\t\t<\/div>\n\t\t<div class=\"elementor-element elementor-element-d528771 e-con-full e-flex e-con e-child\" data-id=\"d528771\" data-element_type=\"container\" data-e-type=\"container\">\n\t\t\t\t<div class=\"elementor-element elementor-element-417cfce elementor-widget elementor-widget-image\" data-id=\"417cfce\" data-element_type=\"widget\" data-e-type=\"widget\" data-widget_type=\"image.default\">\n\t\t\t\t<div class=\"elementor-widget-container\">\n\t\t\t\t\t\t\t\t\t\t\t\t\t\t\t<img decoding=\"async\" width=\"1200\" height=\"800\" src=\"https:\/\/thetour.pt\/wp-content\/uploads\/transfer_03.jpg\" class=\"attachment-full size-full wp-image-7949\" alt=\"Premium Sedan\" srcset=\"https:\/\/thetour.pt\/wp-content\/uploads\/transfer_03.jpg 1200w, https:\/\/thetour.pt\/wp-content\/uploads\/transfer_03-768x512.jpg 768w, https:\/\/thetour.pt\/wp-content\/uploads\/transfer_03-600x400.jpg 600w\" sizes=\"(max-width: 1200px) 100vw, 1200px\" title=\"\">\t\t\t\t\t\t\t\t\t\t\t\t\t\t\t<\/div>\n\t\t\t\t<\/div>\n\t\t\t\t<div class=\"elementor-element elementor-element-e14e3b1 elementor-widget elementor-widget-image\" data-id=\"e14e3b1\" data-element_type=\"widget\" data-e-type=\"widget\" data-widget_type=\"image.default\">\n\t\t\t\t<div class=\"elementor-widget-container\">\n\t\t\t\t\t\t\t\t\t\t\t\t\t\t\t<img decoding=\"async\" width=\"1200\" height=\"800\" src=\"https:\/\/thetour.pt\/wp-content\/uploads\/transfer_05.jpg\" class=\"attachment-full size-full wp-image-7952\" alt=\"\" srcset=\"https:\/\/thetour.pt\/wp-content\/uploads\/transfer_05.jpg 1200w, https:\/\/thetour.pt\/wp-content\/uploads\/transfer_05-768x512.jpg 768w, https:\/\/thetour.pt\/wp-content\/uploads\/transfer_05-600x400.jpg 600w\" sizes=\"(max-width: 1200px) 100vw, 1200px\" title=\"\">\t\t\t\t\t\t\t\t\t\t\t\t\t\t\t<\/div>\n\t\t\t\t<\/div>\n\t\t\t\t<\/div>\n\t\t\t\t<\/div>\n\t\t<div class=\"elementor-element elementor-element-75c5fac e-con-full e-flex e-con e-child\" data-id=\"75c5fac\" data-element_type=\"container\" data-e-type=\"container\">\n\t\t<div class=\"elementor-element elementor-element-190f2b8 e-con-full e-flex e-con e-child\" data-id=\"190f2b8\" data-element_type=\"container\" data-e-type=\"container\" data-settings=\"{&quot;background_background&quot;:&quot;classic&quot;}\">\n\t\t\t\t<div class=\"elementor-element elementor-element-8b2ca34 elementor-widget elementor-widget-heading\" data-id=\"8b2ca34\" data-element_type=\"widget\" data-e-type=\"widget\" data-widget_type=\"heading.default\">\n\t\t\t\t<div class=\"elementor-widget-container\">\n\t\t\t\t\t<h2 class=\"elementor-heading-title elementor-size-default\">Disposal services<\/h2>\t\t\t\t<\/div>\n\t\t\t\t<\/div>\n\t\t\t\t<div class=\"elementor-element elementor-element-7a8362e elementor-widget elementor-widget-heading\" data-id=\"7a8362e\" data-element_type=\"widget\" data-e-type=\"widget\" data-widget_type=\"heading.default\">\n\t\t\t\t<div class=\"elementor-widget-container\">\n\t\t\t\t\t<p class=\"elementor-heading-title elementor-size-default\">Your safety and comfort comes first!<\/p>\t\t\t\t<\/div>\n\t\t\t\t<\/div>\n\t\t\t\t<div class=\"elementor-element elementor-element-50362db elementor-widget-divider--view-line elementor-widget elementor-widget-divider\" data-id=\"50362db\" data-element_type=\"widget\" data-e-type=\"widget\" data-widget_type=\"divider.default\">\n\t\t\t\t<div class=\"elementor-widget-container\">\n\t\t\t\t\t\t\t<div class=\"elementor-divider\">\n\t\t\t<span class=\"elementor-divider-separator\">\n\t\t\t\t\t\t<\/span>\n\t\t<\/div>\n\t\t\t\t\t\t<\/div>\n\t\t\t\t<\/div>\n\t\t\t\t<\/div>\n\t\t<div class=\"elementor-element elementor-element-44febea e-con-full e-flex e-con e-child\" data-id=\"44febea\" data-element_type=\"container\" data-e-type=\"container\">\n\t\t\t\t<div class=\"elementor-element elementor-element-145c444 elementor-widget elementor-widget-text-editor\" data-id=\"145c444\" data-element_type=\"widget\" data-e-type=\"widget\" data-widget_type=\"text-editor.default\">\n\t\t\t\t<div class=\"elementor-widget-container\">\n\t\t\t\t\t\t\t\t\t<strong>Do you have insomnia because you don\u2019t know who to trust the transport of that special person?<\/strong>\r\nTHE has qualified and accredited drivers with a defensive and diplomatic driving course by an entity that follows the highest World quality standards for driving activities. The criminal records of our drivers are evaluated to ensure their integrity and suitability.\r\n\r\n<strong>Is the cleanliness and quality of the vehicle you are traveling on essential?<\/strong>\r\nOur vehicle cleanliness standards are challenging for teams. Our vehicles are up to any challenge that may arise.\r\n\r\n<strong>I will organize a larger event, how will I get so many cars?<\/strong>\r\nDo not panic, we have established several partnerships to ensure that no customer is left unsatisfied.\r\n\r\n<strong>Our mission?<\/strong>\r\nMay the quality of our service exceed your wishes and set a new level of satisfaction.\t\t\t\t\t\t\t\t<\/div>\n\t\t\t\t<\/div>\n\t\t\t\t<\/div>\n\t\t\t\t<\/div>\n\t\t\t\t\t<\/div>\n\t\t\t\t<\/div>\n\t\t<div class=\"elementor-element elementor-element-7345ff8 e-flex e-con-boxed e-con e-parent\" data-id=\"7345ff8\" data-element_type=\"container\" data-e-type=\"container\" data-settings=\"{&quot;background_background&quot;:&quot;classic&quot;}\">\n\t\t\t\t\t<div class=\"e-con-inner\">\n\t\t\t\t<div class=\"elementor-element elementor-element-ade0f74 elementor-widget elementor-widget-heading\" data-id=\"ade0f74\" data-element_type=\"widget\" data-e-type=\"widget\" data-widget_type=\"heading.default\">\n\t\t\t\t<div class=\"elementor-widget-container\">\n\t\t\t\t\t<h3 class=\"elementor-heading-title elementor-size-default\">Facts<\/h3>\t\t\t\t<\/div>\n\t\t\t\t<\/div>\n\t\t<div class=\"elementor-element elementor-element-869c5e5 e-con-full e-flex e-con e-child\" data-id=\"869c5e5\" data-element_type=\"container\" data-e-type=\"container\">\n\t\t\t\t<div class=\"elementor-element elementor-element-024aa11 elementor-widget elementor-widget-counter\" data-id=\"024aa11\" data-element_type=\"widget\" data-e-type=\"widget\" data-widget_type=\"counter.default\">\n\t\t\t\t<div class=\"elementor-widget-container\">\n\t\t\t\t\t\t\t<div class=\"elementor-counter\">\n\t\t\t<div class=\"elementor-counter-title\">Trips completed<\/div>\t\t\t<div class=\"elementor-counter-number-wrapper\">\n\t\t\t\t<span class=\"elementor-counter-number-prefix\"><\/span>\n\t\t\t\t<span class=\"elementor-counter-number\" data-duration=\"2000\" data-to-value=\"100\" data-from-value=\"0\" data-delimiter=\",\">0<\/span>\n\t\t\t\t<span class=\"elementor-counter-number-suffix\">%<\/span>\n\t\t\t<\/div>\n\t\t<\/div>\n\t\t\t\t\t\t<\/div>\n\t\t\t\t<\/div>\n\t\t\t\t<div class=\"elementor-element elementor-element-4b9f2f2 elementor-widget elementor-widget-counter\" data-id=\"4b9f2f2\" data-element_type=\"widget\" data-e-type=\"widget\" data-widget_type=\"counter.default\">\n\t\t\t\t<div class=\"elementor-widget-container\">\n\t\t\t\t\t\t\t<div class=\"elementor-counter\">\n\t\t\t<div class=\"elementor-counter-title\">+ 100 places to visit<\/div>\t\t\t<div class=\"elementor-counter-number-wrapper\">\n\t\t\t\t<span class=\"elementor-counter-number-prefix\"><\/span>\n\t\t\t\t<span class=\"elementor-counter-number\" data-duration=\"2000\" data-to-value=\"100\" data-from-value=\"0\" data-delimiter=\",\">0<\/span>\n\t\t\t\t<span class=\"elementor-counter-number-suffix\">%<\/span>\n\t\t\t<\/div>\n\t\t<\/div>\n\t\t\t\t\t\t<\/div>\n\t\t\t\t<\/div>\n\t\t\t\t<div class=\"elementor-element elementor-element-73c2525 elementor-widget elementor-widget-counter\" data-id=\"73c2525\" data-element_type=\"widget\" data-e-type=\"widget\" data-widget_type=\"counter.default\">\n\t\t\t\t<div class=\"elementor-widget-container\">\n\t\t\t\t\t\t\t<div class=\"elementor-counter\">\n\t\t\t<div class=\"elementor-counter-title\">Fantastic tours<\/div>\t\t\t<div class=\"elementor-counter-number-wrapper\">\n\t\t\t\t<span class=\"elementor-counter-number-prefix\"><\/span>\n\t\t\t\t<span class=\"elementor-counter-number\" data-duration=\"2000\" data-to-value=\"100\" data-from-value=\"0\" data-delimiter=\",\">0<\/span>\n\t\t\t\t<span class=\"elementor-counter-number-suffix\">%<\/span>\n\t\t\t<\/div>\n\t\t<\/div>\n\t\t\t\t\t\t<\/div>\n\t\t\t\t<\/div>\n\t\t\t\t<div class=\"elementor-element elementor-element-ce0ee27 elementor-widget elementor-widget-counter\" data-id=\"ce0ee27\" data-element_type=\"widget\" data-e-type=\"widget\" data-widget_type=\"counter.default\">\n\t\t\t\t<div class=\"elementor-widget-container\">\n\t\t\t\t\t\t\t<div class=\"elementor-counter\">\n\t\t\t<div class=\"elementor-counter-title\">Satisfied Customers<\/div>\t\t\t<div class=\"elementor-counter-number-wrapper\">\n\t\t\t\t<span class=\"elementor-counter-number-prefix\"><\/span>\n\t\t\t\t<span class=\"elementor-counter-number\" data-duration=\"2000\" data-to-value=\"99\" data-from-value=\"0\" data-delimiter=\",\">0<\/span>\n\t\t\t\t<span class=\"elementor-counter-number-suffix\">%<\/span>\n\t\t\t<\/div>\n\t\t<\/div>\n\t\t\t\t\t\t<\/div>\n\t\t\t\t<\/div>\n\t\t\t\t<\/div>\n\t\t\t\t\t<\/div>\n\t\t\t\t<\/div>\n\t\t<div class=\"elementor-element elementor-element-8b6c834 e-flex e-con-boxed e-con e-parent\" data-id=\"8b6c834\" data-element_type=\"container\" data-e-type=\"container\">\n\t\t\t\t\t<div class=\"e-con-inner\">\n\t\t\t\t<div class=\"elementor-element elementor-element-7d96c38 elementor-widget elementor-widget-heading\" data-id=\"7d96c38\" data-element_type=\"widget\" data-e-type=\"widget\" data-widget_type=\"heading.default\">\n\t\t\t\t<div class=\"elementor-widget-container\">\n\t\t\t\t\t<h3 class=\"elementor-heading-title elementor-size-default\">Alguns dos Nossos Clientes Empresariais<\/h3>\t\t\t\t<\/div>\n\t\t\t\t<\/div>\n\t\t\t\t\t<\/div>\n\t\t\t\t<\/div>\n\t\t<div class=\"elementor-element elementor-element-59858fd e-grid e-con-boxed e-con e-parent\" data-id=\"59858fd\" data-element_type=\"container\" data-e-type=\"container\">\n\t\t\t\t\t<div class=\"e-con-inner\">\n\t\t\t\t<div class=\"elementor-element elementor-element-75fb1f5 elementor-widget elementor-widget-image\" data-id=\"75fb1f5\" data-element_type=\"widget\" data-e-type=\"widget\" data-widget_type=\"image.default\">\n\t\t\t\t<div class=\"elementor-widget-container\">\n\t\t\t\t\t\t\t\t\t\t\t\t\t\t\t\t<a href=\"https:\/\/www.runlevel.pt\" target=\"_blank\" rel=\"noopener\">\n\t\t\t\t\t\t\t<img loading=\"lazy\" decoding=\"async\" width=\"608\" height=\"143\" src=\"https:\/\/thetour.pt\/wp-content\/uploads\/Runlevel_horizontal.avif\" class=\"attachment-large size-large wp-image-20205\" alt=\"Runlevel\" srcset=\"https:\/\/thetour.pt\/wp-content\/uploads\/Runlevel_horizontal.avif 608w, https:\/\/thetour.pt\/wp-content\/uploads\/Runlevel_horizontal-600x141.avif 600w\" sizes=\"(max-width: 608px) 100vw, 608px\" title=\"\">\t\t\t\t\t\t\t\t<\/a>\n\t\t\t\t\t\t\t\t\t\t\t\t\t\t\t<\/div>\n\t\t\t\t<\/div>\n\t\t\t\t<div class=\"elementor-element elementor-element-9415fb6 elementor-widget elementor-widget-image\" data-id=\"9415fb6\" data-element_type=\"widget\" data-e-type=\"widget\" data-widget_type=\"image.default\">\n\t\t\t\t<div class=\"elementor-widget-container\">\n\t\t\t\t\t\t\t\t\t\t\t\t\t\t\t\t<a href=\"https:\/\/immolisbonne.fr\/\" target=\"_blank\" rel=\"noopener\">\n\t\t\t\t\t\t\t<img loading=\"lazy\" decoding=\"async\" width=\"856\" height=\"431\" src=\"https:\/\/thetour.pt\/wp-content\/uploads\/IMMOLISBONNE.avif\" class=\"attachment-large size-large wp-image-20208\" alt=\"Descubra o mercado imobili\u00e1rio de prest\u00edgio em Portugal com a nossa ag\u00eancia\" srcset=\"https:\/\/thetour.pt\/wp-content\/uploads\/IMMOLISBONNE.avif 856w, https:\/\/thetour.pt\/wp-content\/uploads\/IMMOLISBONNE-768x387.avif 768w, https:\/\/thetour.pt\/wp-content\/uploads\/IMMOLISBONNE-600x302.avif 600w\" sizes=\"(max-width: 856px) 100vw, 856px\" title=\"\">\t\t\t\t\t\t\t\t<\/a>\n\t\t\t\t\t\t\t\t\t\t\t\t\t\t\t<\/div>\n\t\t\t\t<\/div>\n\t\t\t\t\t<\/div>\n\t\t\t\t<\/div>\n\t\t\t\t<\/div>\n\t\t","protected":false},"excerpt":{"rendered":"<p>THE Travel &amp; Tours is a trademark of Portugal Sensation Trip Tours, activities &amp; transfers sole proprietorship lda, with licenses RNAAT 431\/2017\u00a0issued by Turismo de Portugal. THE Travel &amp; Tours offers all its clients a unique and prestigious service, turning their tours into a pleasant sightseeing tour. All services will be customized to each client. [&hellip;]<\/p>\n","protected":false},"author":1,"featured_media":7936,"parent":0,"menu_order":2,"comment_status":"closed","ping_status":"closed","template":"","meta":{"_mo_disable_npp":"","footnotes":""},"categories":[],"tags":[],"class_list":["post-7980","page","type-page","status-publish","has-post-thumbnail","hentry"],"acf":[],"_links":{"self":[{"href":"https:\/\/thetour.pt\/en\/wp-json\/wp\/v2\/pages\/7980","targetHints":{"allow":["GET"]}}],"collection":[{"href":"https:\/\/thetour.pt\/en\/wp-json\/wp\/v2\/pages"}],"about":[{"href":"https:\/\/thetour.pt\/en\/wp-json\/wp\/v2\/types\/page"}],"author":[{"embeddable":true,"href":"https:\/\/thetour.pt\/en\/wp-json\/wp\/v2\/users\/1"}],"replies":[{"embeddable":true,"href":"https:\/\/thetour.pt\/en\/wp-json\/wp\/v2\/comments?post=7980"}],"version-history":[{"count":1,"href":"https:\/\/thetour.pt\/en\/wp-json\/wp\/v2\/pages\/7980\/revisions"}],"predecessor-version":[{"id":20749,"href":"https:\/\/thetour.pt\/en\/wp-json\/wp\/v2\/pages\/7980\/revisions\/20749"}],"wp:featuredmedia":[{"embeddable":true,"href":"https:\/\/thetour.pt\/en\/wp-json\/wp\/v2\/media\/7936"}],"wp:attachment":[{"href":"https:\/\/thetour.pt\/en\/wp-json\/wp\/v2\/media?parent=7980"}],"wp:term":[{"taxonomy":"category","embeddable":true,"href":"https:\/\/thetour.pt\/en\/wp-json\/wp\/v2\/categories?post=7980"},{"taxonomy":"post_tag","embeddable":true,"href":"https:\/\/thetour.pt\/en\/wp-json\/wp\/v2\/tags?post=7980"}],"curies":[{"name":"wp","href":"https:\/\/api.w.org\/{rel}","templated":true}]}}